{"id":3,"date":"2025-05-28T14:57:06","date_gmt":"2025-05-28T14:57:06","guid":{"rendered":"https:\/\/frenchparadox.paris\/?page_id=3"},"modified":"2026-03-27T11:43:03","modified_gmt":"2026-03-27T11:43:03","slug":"privacy-policy","status":"publish","type":"page","link":"https:\/\/www.frenchparadox.paris\/es\/privacy-policy\/","title":{"rendered":"pol\u00edtica de privacidad"},"content":{"rendered":"<div data-elementor-type=\"wp-page\" data-elementor-id=\"3\" class=\"elementor elementor-3\">\n\t\t\t\t<div class=\"elementor-element elementor-element-4531af43 e-flex e-con-boxed e-con e-parent\" data-id=\"4531af43\" data-element_type=\"container\" data-e-type=\"container\">\n\t\t\t\t\t<div class=\"e-con-inner\">\n\t\t\t\t<div class=\"elementor-element elementor-element-4f653a96 elementor-widget elementor-widget-text-editor\" data-id=\"4f653a96\" data-element_type=\"widget\" data-e-type=\"widget\" data-widget_type=\"text-editor.default\">\n\t\t\t\t<div class=\"elementor-widget-container\">\n\t\t\t\t\t\t\t\t\t\n<h2 class=\"wp-block-heading\">editor de sitios web<\/h2>\n\n<p><b>Paradoja francesa<\/b><\/p>\n<p>57 Pasaje de los Panoramas, 75002 Par\u00eds<\/p>\n\n<h2 class=\"wp-block-heading\">Nombre del director de la publicaci\u00f3n<\/h2>\n\n<p><b>El se\u00f1or David Rodr\u00edguez<\/b><\/p>\n\n<h2 class=\"wp-block-heading\">Galletas<\/h2>\n\n<p>Estas cookies son estrictamente necesarias para el correcto funcionamiento del sitio web. Puede rechazar su uso a trav\u00e9s de la configuraci\u00f3n de su navegador.<\/p>\n\n<h2 class=\"wp-block-heading\">Cookies estad\u00edsticas<\/h2>\n\n<p>Estas cookies miden, en particular, el n\u00famero de visitas, el n\u00famero de p\u00e1ginas vistas y la actividad de los usuarios en el sitio web. Nos permiten medir la audiencia del sitio web para recopilar estad\u00edsticas de tr\u00e1fico y evaluar las fuentes de tr\u00e1fico para mejorar su rendimiento. Puede optar por rechazar estas cookies estad\u00edsticas. Le invitamos a consultar la gesti\u00f3n de cookies de Google Analytics en la p\u00e1gina dedicada que proporciona Google: https:\/\/support.google.com\/analytics\/answer\/6004245?hl=fr.<\/p>\n\n<h2 class=\"wp-block-heading\">Cookies de Facebook<\/h2>\n\n<p>Las cookies nos permiten mostrar anuncios a quienes ya han visitado nuestro sitio web y recomendarles nuestros servicios en funci\u00f3n de su actividad. Tambi\u00e9n nos permiten limitar la frecuencia con la que ve un anuncio, evitando que se muestre repetidamente. Utilizamos cookies para contabilizar las visualizaciones de cada anuncio y calcular su coste. Asimismo, las utilizamos para medir la frecuencia con la que los usuarios realizan ciertas acciones, como hacer clic o ver un anuncio.<\/p>\n\n<h2 class=\"wp-block-heading\">Definici\u00f3n de cookies<\/h2>\n\n<p>Se trata de un peque\u00f1o archivo que se almacena en los ordenadores de los usuarios y que guarda sus preferencias y otra informaci\u00f3n utilizada en las p\u00e1ginas web que visitan.<\/p>\n\n<h2 class=\"wp-block-heading\">Privacidad \u2013 Protecci\u00f3n de datos personales<\/h2>\n\n<p>Respecto a la informaci\u00f3n personal que nos facilite, usted tiene derecho a acceder a ella, modificarla, rectificarla y\/o suprimirla, de conformidad con la Ley francesa n.\u00ba 2004-801, de 6 de agosto de 2004, relativa a la protecci\u00f3n de las personas f\u00edsicas en lo que respecta al tratamiento de datos personales. Para ejercer este derecho, env\u00ede un mensaje a French Paradox. La informaci\u00f3n recopilada se procesa electr\u00f3nicamente. Todo usuario de internet tiene derecho a acceder a sus datos personales, modificarlos, rectificarlos y suprimirlos (art\u00edculo 34 de la Ley francesa de Protecci\u00f3n de Datos). Este derecho puede ejercerse contactando con la empresa. Los datos personales recopilados en este sitio web se conservan durante el plazo m\u00e1ximo legalmente exigido.<\/p>\n\n<h2 class=\"wp-block-heading\">Aviso legal<\/h2>\n\n<p>De conformidad con lo dispuesto en los art\u00edculos 6-III y 19 de la Ley n.\u00ba 2004-575, de 21 de junio de 2004, sobre la confianza en la econom\u00eda digital, conocida como LCEN, informamos a los usuarios y visitantes del sitio web frenchparadox.paris de la siguiente informaci\u00f3n:<\/p>\n<p>Informaci\u00f3n legal:<\/p>\n<p>Estatus del propietario: Sociedad an\u00f3nima simplificada<br \/>Nombre: Paradoja francesa (Pato y champ\u00e1n)<br \/>Domicilio social: 57 Passage des Panoramas, 75002 Par\u00eds<\/p>\n<p>El sitio web est\u00e1 alojado por: Hostinger<\/p>\n\n<p>\u00a0<\/p>\t\t\t\t\t\t\t\t<\/div>\n\t\t\t\t<\/div>\n\t\t\t\t\t<\/div>\n\t\t\t\t<\/div>\n\t\t\t\t<\/div>","protected":false},"excerpt":{"rendered":"<p>\u00c9diteur de site French Paradox 57 Passage des Panoramas, 75002 Paris Nom du directeur de la publication M. David Rodriguez Cookies Ces cookies sont strictement n\u00e9cessaires au bon fonctionnement du Site Internet. Vous pouvez choisir de vous opposer au d\u00e9p\u00f4t de ces cookies en utilisant les param\u00e8tres de votre navigateur. Cookies statistiques Ces cookies mesurent &#8230;<\/p>","protected":false},"author":1,"featured_media":0,"parent":0,"menu_order":13,"comment_status":"closed","ping_status":"closed","template":"template-wide-content.php","meta":{"inline_featured_image":false,"patiotime_single_page_hide_site_header":"","patiotime_single_page_site_header_source":"","patiotime_single_page_custom_site_header":"","patiotime_single_page_custom_sticky_site_header":"","patiotime_single_page_custom_page_title_margin_top_source":"","patiotime_single_page_custom_page_title_desktop_margin_top":"","patiotime_single_page_custom_page_title_tablet_margin_top":"","patiotime_single_page_custom_page_title_mobile_margin_top":"","patiotime_single_page_hide_page_title":"","patiotime_single_page_header_section_size":"","patiotime_single_page_header_background_color":"","patiotime_single_page_header_background_position_x":"center","patiotime_single_page_header_background_position_y":"center","patiotime_single_page_header_background_size":"cover","patiotime_single_page_header_background_repeat":"off","patiotime_single_page_header_background_scroll":"on","patiotime_single_page_header_text_color":"","patiotime_single_page_header_show_breadcrumb":"","patiotime_single_page_site_footer_hide_main":"","patiotime_single_custom_site_footer_main_source":"","patiotime_single_custom_site_footer_main":"","patiotime_single_page_site_footer_hide_above":"","patiotime_single_custom_site_footer_above_source":"","patiotime_single_custom_site_footer_above":"","patiotime_single_page_site_footer_hide_instagram":"","patiotime_single_page_site_footer_hide_bottom":"","patiotime_single_custom_mobile_menu_source":"","patiotime_single_custom_mobile_menu":"","patiotime_single_custom_mobile_menu_animation":"","patiotime_single_custom_mobile_menu_width":"","patiotime_single_custom_mobile_menu_custom_width":375,"footnotes":""},"class_list":["post-3","page","type-page","status-publish","hentry"],"yoast_head":"<!-- This site is optimized with the Yoast SEO plugin v27.4 - https:\/\/yoast.com\/product\/yoast-seo-wordpress\/ -->\n<title>Politique de confidentialit\u00e9 - Canard &amp; Champagne | Restaurant | Paris 2<\/title>\n<meta name=\"robots\" content=\"index, follow, max-snippet:-1, max-image-preview:large, max-video-preview:-1\" \/>\n<link rel=\"canonical\" href=\"https:\/\/www.frenchparadox.paris\/es\/privacy-policy\/\" \/>\n<meta property=\"og:locale\" content=\"es_ES\" \/>\n<meta property=\"og:type\" content=\"article\" \/>\n<meta property=\"og:title\" content=\"Politique de confidentialit\u00e9 - Canard &amp; Champagne | Restaurant | Paris 2\" \/>\n<meta property=\"og:description\" content=\"\u00c9diteur de site French Paradox 57 Passage des Panoramas, 75002 Paris Nom du directeur de la publication M. David Rodriguez Cookies Ces cookies sont strictement n\u00e9cessaires au bon fonctionnement du Site Internet. Vous pouvez choisir de vous opposer au d\u00e9p\u00f4t de ces cookies en utilisant les param\u00e8tres de votre navigateur. Cookies statistiques Ces cookies mesurent ...\" \/>\n<meta property=\"og:url\" content=\"https:\/\/www.frenchparadox.paris\/es\/privacy-policy\/\" \/>\n<meta property=\"og:site_name\" content=\"Canard &amp; Champagne | Restaurant | Paris 2\" \/>\n<meta property=\"article:modified_time\" content=\"2026-03-27T11:43:03+00:00\" \/>\n<meta name=\"twitter:card\" content=\"summary_large_image\" \/>\n<meta name=\"twitter:label1\" content=\"Tiempo de lectura\" \/>\n\t<meta name=\"twitter:data1\" content=\"3 minutos\" \/>\n<script type=\"application\/ld+json\" class=\"yoast-schema-graph\">{\"@context\":\"https:\\\/\\\/schema.org\",\"@graph\":[{\"@type\":\"WebPage\",\"@id\":\"https:\\\/\\\/www.frenchparadox.paris\\\/privacy-policy\\\/\",\"url\":\"https:\\\/\\\/www.frenchparadox.paris\\\/privacy-policy\\\/\",\"name\":\"Politique de confidentialit\u00e9 - Canard &amp; Champagne | Restaurant | Paris 2\",\"isPartOf\":{\"@id\":\"https:\\\/\\\/www.frenchparadox.paris\\\/#website\"},\"datePublished\":\"2025-05-28T14:57:06+00:00\",\"dateModified\":\"2026-03-27T11:43:03+00:00\",\"breadcrumb\":{\"@id\":\"https:\\\/\\\/www.frenchparadox.paris\\\/privacy-policy\\\/#breadcrumb\"},\"inLanguage\":\"es\",\"potentialAction\":[{\"@type\":\"ReadAction\",\"target\":[\"https:\\\/\\\/www.frenchparadox.paris\\\/privacy-policy\\\/\"]}]},{\"@type\":\"BreadcrumbList\",\"@id\":\"https:\\\/\\\/www.frenchparadox.paris\\\/privacy-policy\\\/#breadcrumb\",\"itemListElement\":[{\"@type\":\"ListItem\",\"position\":1,\"name\":\"Accueil\",\"item\":\"https:\\\/\\\/www.frenchparadox.paris\\\/\"},{\"@type\":\"ListItem\",\"position\":2,\"name\":\"Politique de confidentialit\u00e9\"}]},{\"@type\":\"WebSite\",\"@id\":\"https:\\\/\\\/www.frenchparadox.paris\\\/#website\",\"url\":\"https:\\\/\\\/www.frenchparadox.paris\\\/\",\"name\":\"Canard &amp; Champagne | Restaurant | Paris 2\",\"description\":\"\",\"publisher\":{\"@id\":\"https:\\\/\\\/www.frenchparadox.paris\\\/#organization\"},\"potentialAction\":[{\"@type\":\"SearchAction\",\"target\":{\"@type\":\"EntryPoint\",\"urlTemplate\":\"https:\\\/\\\/www.frenchparadox.paris\\\/?s={search_term_string}\"},\"query-input\":{\"@type\":\"PropertyValueSpecification\",\"valueRequired\":true,\"valueName\":\"search_term_string\"}}],\"inLanguage\":\"es\"},{\"@type\":\"Organization\",\"@id\":\"https:\\\/\\\/www.frenchparadox.paris\\\/#organization\",\"name\":\"Canard &amp; Champagne | Restaurant | Paris 2\",\"url\":\"https:\\\/\\\/www.frenchparadox.paris\\\/\",\"logo\":{\"@type\":\"ImageObject\",\"inLanguage\":\"es\",\"@id\":\"https:\\\/\\\/www.frenchparadox.paris\\\/#\\\/schema\\\/logo\\\/image\\\/\",\"url\":\"https:\\\/\\\/www.frenchparadox.paris\\\/wp-content\\\/uploads\\\/2022\\\/03\\\/CC_logo2021_Champagne_blanccasse.png\",\"contentUrl\":\"https:\\\/\\\/www.frenchparadox.paris\\\/wp-content\\\/uploads\\\/2022\\\/03\\\/CC_logo2021_Champagne_blanccasse.png\",\"width\":1500,\"height\":703,\"caption\":\"Canard &amp; Champagne | Restaurant | Paris 2\"},\"image\":{\"@id\":\"https:\\\/\\\/www.frenchparadox.paris\\\/#\\\/schema\\\/logo\\\/image\\\/\"}}]}<\/script>\n<!-- \/ Yoast SEO plugin. -->","yoast_head_json":{"title":"Politique de confidentialit\u00e9 - Canard &amp; Champagne | Restaurant | Paris 2","robots":{"index":"index","follow":"follow","max-snippet":"max-snippet:-1","max-image-preview":"max-image-preview:large","max-video-preview":"max-video-preview:-1"},"canonical":"https:\/\/www.frenchparadox.paris\/es\/privacy-policy\/","og_locale":"es_ES","og_type":"article","og_title":"Politique de confidentialit\u00e9 - Canard &amp; Champagne | Restaurant | Paris 2","og_description":"\u00c9diteur de site French Paradox 57 Passage des Panoramas, 75002 Paris Nom du directeur de la publication M. David Rodriguez Cookies Ces cookies sont strictement n\u00e9cessaires au bon fonctionnement du Site Internet. Vous pouvez choisir de vous opposer au d\u00e9p\u00f4t de ces cookies en utilisant les param\u00e8tres de votre navigateur. Cookies statistiques Ces cookies mesurent ...","og_url":"https:\/\/www.frenchparadox.paris\/es\/privacy-policy\/","og_site_name":"Canard &amp; Champagne | Restaurant | Paris 2","article_modified_time":"2026-03-27T11:43:03+00:00","twitter_card":"summary_large_image","twitter_misc":{"Tiempo de lectura":"3 minutos"},"schema":{"@context":"https:\/\/schema.org","@graph":[{"@type":"WebPage","@id":"https:\/\/www.frenchparadox.paris\/privacy-policy\/","url":"https:\/\/www.frenchparadox.paris\/privacy-policy\/","name":"Politique de confidentialit\u00e9 - Canard &amp; Champagne | Restaurant | Paris 2","isPartOf":{"@id":"https:\/\/www.frenchparadox.paris\/#website"},"datePublished":"2025-05-28T14:57:06+00:00","dateModified":"2026-03-27T11:43:03+00:00","breadcrumb":{"@id":"https:\/\/www.frenchparadox.paris\/privacy-policy\/#breadcrumb"},"inLanguage":"es","potentialAction":[{"@type":"ReadAction","target":["https:\/\/www.frenchparadox.paris\/privacy-policy\/"]}]},{"@type":"BreadcrumbList","@id":"https:\/\/www.frenchparadox.paris\/privacy-policy\/#breadcrumb","itemListElement":[{"@type":"ListItem","position":1,"name":"Accueil","item":"https:\/\/www.frenchparadox.paris\/"},{"@type":"ListItem","position":2,"name":"Politique de confidentialit\u00e9"}]},{"@type":"WebSite","@id":"https:\/\/www.frenchparadox.paris\/#website","url":"https:\/\/www.frenchparadox.paris\/","name":"Pato y champ\u00e1n | Restaurante | Par\u00eds 2","description":"","publisher":{"@id":"https:\/\/www.frenchparadox.paris\/#organization"},"potentialAction":[{"@type":"SearchAction","target":{"@type":"EntryPoint","urlTemplate":"https:\/\/www.frenchparadox.paris\/?s={search_term_string}"},"query-input":{"@type":"PropertyValueSpecification","valueRequired":true,"valueName":"search_term_string"}}],"inLanguage":"es"},{"@type":"Organization","@id":"https:\/\/www.frenchparadox.paris\/#organization","name":"Pato y champ\u00e1n | Restaurante | Par\u00eds 2","url":"https:\/\/www.frenchparadox.paris\/","logo":{"@type":"ImageObject","inLanguage":"es","@id":"https:\/\/www.frenchparadox.paris\/#\/schema\/logo\/image\/","url":"https:\/\/www.frenchparadox.paris\/wp-content\/uploads\/2022\/03\/CC_logo2021_Champagne_blanccasse.png","contentUrl":"https:\/\/www.frenchparadox.paris\/wp-content\/uploads\/2022\/03\/CC_logo2021_Champagne_blanccasse.png","width":1500,"height":703,"caption":"Canard &amp; Champagne | Restaurant | Paris 2"},"image":{"@id":"https:\/\/www.frenchparadox.paris\/#\/schema\/logo\/image\/"}}]}},"_links":{"self":[{"href":"https:\/\/www.frenchparadox.paris\/es\/wp-json\/wp\/v2\/pages\/3","targetHints":{"allow":["GET"]}}],"collection":[{"href":"https:\/\/www.frenchparadox.paris\/es\/wp-json\/wp\/v2\/pages"}],"about":[{"href":"https:\/\/www.frenchparadox.paris\/es\/wp-json\/wp\/v2\/types\/page"}],"author":[{"embeddable":true,"href":"https:\/\/www.frenchparadox.paris\/es\/wp-json\/wp\/v2\/users\/1"}],"replies":[{"embeddable":true,"href":"https:\/\/www.frenchparadox.paris\/es\/wp-json\/wp\/v2\/comments?post=3"}],"version-history":[{"count":5,"href":"https:\/\/www.frenchparadox.paris\/es\/wp-json\/wp\/v2\/pages\/3\/revisions"}],"predecessor-version":[{"id":7421,"href":"https:\/\/www.frenchparadox.paris\/es\/wp-json\/wp\/v2\/pages\/3\/revisions\/7421"}],"wp:attachment":[{"href":"https:\/\/www.frenchparadox.paris\/es\/wp-json\/wp\/v2\/media?parent=3"}],"curies":[{"name":"wp","href":"https:\/\/api.w.org\/{rel}","templated":true}]}}