{"id":3,"date":"2025-05-28T14:57:06","date_gmt":"2025-05-28T14:57:06","guid":{"rendered":"https:\/\/frenchparadox.paris\/?page_id=3"},"modified":"2026-03-27T11:43:03","modified_gmt":"2026-03-27T11:43:03","slug":"privacy-policy","status":"publish","type":"page","link":"https:\/\/www.frenchparadox.paris\/ja\/privacy-policy\/","title":{"rendered":"\u30d7\u30e9\u30a4\u30d0\u30b7\u30fc\u30dd\u30ea\u30b7\u30fc"},"content":{"rendered":"<div data-elementor-type=\"wp-page\" data-elementor-id=\"3\" class=\"elementor elementor-3\">\n\t\t\t\t<div class=\"elementor-element elementor-element-4531af43 e-flex e-con-boxed e-con e-parent\" data-id=\"4531af43\" data-element_type=\"container\" data-e-type=\"container\">\n\t\t\t\t\t<div class=\"e-con-inner\">\n\t\t\t\t<div class=\"elementor-element elementor-element-4f653a96 elementor-widget elementor-widget-text-editor\" data-id=\"4f653a96\" data-element_type=\"widget\" data-e-type=\"widget\" data-widget_type=\"text-editor.default\">\n\t\t\t\t<div class=\"elementor-widget-container\">\n\t\t\t\t\t\t\t\t\t\n<h2 class=\"wp-block-heading\">\u30a6\u30a7\u30d6\u30b5\u30a4\u30c8\u7de8\u96c6\u8005<\/h2>\n\n<p><b>\u30d5\u30ec\u30f3\u30c1\u30d1\u30e9\u30c9\u30c3\u30af\u30b9<\/b><\/p>\n<p>57 Passage des Panoramas, 75002 Paris<\/p>\n\n<h2 class=\"wp-block-heading\">\u51fa\u7248\u8cac\u4efb\u8005\u306e\u540d\u524d<\/h2>\n\n<p><b>\u30c7\u30d3\u30c3\u30c9\u30fb\u30ed\u30c9\u30ea\u30b2\u30b9\u6c0f<\/b><\/p>\n\n<h2 class=\"wp-block-heading\">\u30af\u30c3\u30ad\u30fc<\/h2>\n\n<p>\u3053\u308c\u3089\u306e\u30af\u30c3\u30ad\u30fc\u306f\u3001\u30a6\u30a7\u30d6\u30b5\u30a4\u30c8\u306e\u6b63\u5e38\u306a\u52d5\u4f5c\u306b\u4e0d\u53ef\u6b20\u3067\u3059\u3002\u30d6\u30e9\u30a6\u30b6\u306e\u8a2d\u5b9a\u3067\u3001\u3053\u308c\u3089\u306e\u30af\u30c3\u30ad\u30fc\u306e\u4f7f\u7528\u3092\u62d2\u5426\u3059\u308b\u3053\u3068\u3082\u3067\u304d\u307e\u3059\u3002.<\/p>\n\n<h2 class=\"wp-block-heading\">\u7d71\u8a08\u30af\u30c3\u30ad\u30fc<\/h2>\n\n<p>\u3053\u308c\u3089\u306e\u30af\u30c3\u30ad\u30fc\u306f\u3001\u7279\u306b\u30a6\u30a7\u30d6\u30b5\u30a4\u30c8\u3078\u306e\u8a2a\u554f\u6570\u3001\u95b2\u89a7\u30da\u30fc\u30b8\u6570\u3001\u304a\u3088\u3073\u30e6\u30fc\u30b6\u30fc\u30a2\u30af\u30c6\u30a3\u30d3\u30c6\u30a3\u3092\u6e2c\u5b9a\u3057\u307e\u3059\u3002\u3053\u308c\u306b\u3088\u308a\u3001\u30a6\u30a7\u30d6\u30b5\u30a4\u30c8\u306e\u30a2\u30af\u30bb\u30b9\u72b6\u6cc1\u3092\u6e2c\u5b9a\u3057\u3001\u30c8\u30e9\u30d5\u30a3\u30c3\u30af\u7d71\u8a08\u3092\u53ce\u96c6\u3057\u3001\u30c8\u30e9\u30d5\u30a3\u30c3\u30af\u30bd\u30fc\u30b9\u3092\u8a55\u4fa1\u3057\u3066\u30a6\u30a7\u30d6\u30b5\u30a4\u30c8\u306e\u30d1\u30d5\u30a9\u30fc\u30de\u30f3\u30b9\u3092\u5411\u4e0a\u3055\u305b\u308b\u3053\u3068\u304c\u3067\u304d\u307e\u3059\u3002\u3053\u308c\u3089\u306e\u7d71\u8a08\u30af\u30c3\u30ad\u30fc\u3092\u62d2\u5426\u3059\u308b\u3053\u3068\u3082\u53ef\u80fd\u3067\u3059\u3002Google \u304c\u63d0\u4f9b\u3059\u308b\u5c02\u7528\u30da\u30fc\u30b8\uff08https:\/\/support.google.com\/analytics\/answer\/6004245?hl=fr\uff09\u3067\u3001Google Analytics \u306e\u30af\u30c3\u30ad\u30fc\u7ba1\u7406\u306b\u3064\u3044\u3066\u3054\u78ba\u8a8d\u304f\u3060\u3055\u3044\u3002.<\/p>\n\n<h2 class=\"wp-block-heading\">Facebook\u306e\u30af\u30c3\u30ad\u30fc<\/h2>\n\n<p>Cookie\u3092\u4f7f\u7528\u3059\u308b\u3053\u3068\u3067\u3001\u65e2\u306b\u5f53\u793e\u306e\u30a6\u30a7\u30d6\u30b5\u30a4\u30c8\u3092\u8a2a\u554f\u3057\u305f\u30e6\u30fc\u30b6\u30fc\u306b\u5e83\u544a\u3092\u8868\u793a\u3057\u305f\u308a\u3001\u305d\u306e\u884c\u52d5\u306b\u57fa\u3065\u3044\u3066\u30b5\u30fc\u30d3\u30b9\u3092\u304a\u3059\u3059\u3081\u3057\u305f\u308a\u3059\u308b\u3053\u3068\u304c\u3067\u304d\u307e\u3059\u3002\u307e\u305f\u3001Cookie\u3092\u4f7f\u7528\u3059\u308b\u3053\u3068\u3067\u3001\u540c\u3058\u5e83\u544a\u304c\u7e70\u308a\u8fd4\u3057\u8868\u793a\u3055\u308c\u306a\u3044\u3088\u3046\u306b\u3001\u5e83\u544a\u306e\u8868\u793a\u56de\u6570\u3092\u5236\u9650\u3059\u308b\u3053\u3068\u3082\u3067\u304d\u307e\u3059\u3002Cookie\u306f\u3001\u5e83\u544a\u306e\u8868\u793a\u56de\u6570\u3092\u30ab\u30a6\u30f3\u30c8\u3057\u3001\u5e83\u544a\u8cbb\u7528\u3092\u8a08\u7b97\u3059\u308b\u305f\u3081\u306b\u3082\u4f7f\u7528\u3055\u308c\u307e\u3059\u3002\u3055\u3089\u306b\u3001Cookie\u306f\u3001\u30e6\u30fc\u30b6\u30fc\u304c\u5e83\u544a\u3092\u30af\u30ea\u30c3\u30af\u3057\u305f\u308a\u95b2\u89a7\u3057\u305f\u308a\u3059\u308b\u306a\u3069\u3001\u7279\u5b9a\u306e\u30a2\u30af\u30b7\u30e7\u30f3\u3092\u5b9f\u884c\u3059\u308b\u983b\u5ea6\u3092\u6e2c\u5b9a\u3059\u308b\u305f\u3081\u306b\u3082\u4f7f\u7528\u3055\u308c\u307e\u3059\u3002.<\/p>\n\n<h2 class=\"wp-block-heading\">Cookie\u306e\u5b9a\u7fa9<\/h2>\n\n<p>\u3053\u308c\u306f\u30e6\u30fc\u30b6\u30fc\u306e\u30b3\u30f3\u30d4\u30e5\u30fc\u30bf\u306b\u4fdd\u5b58\u3055\u308c\u308b\u5c0f\u3055\u306a\u30d5\u30a1\u30a4\u30eb\u3067\u3001\u30e6\u30fc\u30b6\u30fc\u306e\u8a2d\u5b9a\u3084\u3001\u30e6\u30fc\u30b6\u30fc\u304c\u30a2\u30af\u30bb\u30b9\u3057\u305f\u30a6\u30a7\u30d6\u30da\u30fc\u30b8\u3067\u4f7f\u7528\u3055\u308c\u308b\u305d\u306e\u4ed6\u306e\u60c5\u5831\u3092\u4fdd\u5b58\u3057\u307e\u3059\u3002.<\/p>\n\n<h2 class=\"wp-block-heading\">\u30d7\u30e9\u30a4\u30d0\u30b7\u30fc \u2013 \u500b\u4eba\u30c7\u30fc\u30bf\u306e\u4fdd\u8b77<\/h2>\n\n<p>\u304a\u5ba2\u69d8\u304c\u5f53\u793e\u306b\u63d0\u4f9b\u3059\u308b\u500b\u4eba\u60c5\u5831\u306b\u3064\u3044\u3066\u306f\u3001\u500b\u4eba\u30c7\u30fc\u30bf\u306e\u51e6\u7406\u306b\u95a2\u3059\u308b\u500b\u4eba\u306e\u4fdd\u8b77\u306b\u95a2\u3059\u308b2004\u5e748\u67086\u65e5\u4ed8\u30d5\u30e9\u30f3\u30b9\u6cd5\u7b2c2004-801\u53f7\u306b\u57fa\u3065\u304d\u3001\u30a2\u30af\u30bb\u30b9\u3001\u4fee\u6b63\u3001\u8a02\u6b63\u3001\u304a\u3088\u3073\/\u307e\u305f\u306f\u524a\u9664\u3059\u308b\u6a29\u5229\u304c\u3042\u308a\u307e\u3059\u3002\u3053\u306e\u6a29\u5229\u3092\u884c\u4f7f\u3059\u308b\u306b\u306f\u3001French Paradox\u307e\u3067\u30e1\u30c3\u30bb\u30fc\u30b8\u3092\u304a\u9001\u308a\u304f\u3060\u3055\u3044\u3002\u53ce\u96c6\u3055\u308c\u305f\u60c5\u5831\u306f\u96fb\u5b50\u7684\u306b\u51e6\u7406\u3055\u308c\u307e\u3059\u3002\u3059\u3079\u3066\u306e\u30a4\u30f3\u30bf\u30fc\u30cd\u30c3\u30c8\u30e6\u30fc\u30b6\u30fc\u306f\u3001\u500b\u4eba\u30c7\u30fc\u30bf\u306b\u30a2\u30af\u30bb\u30b9\u3001\u4fee\u6b63\u3001\u8a02\u6b63\u3001\u304a\u3088\u3073\u524a\u9664\u3059\u308b\u6a29\u5229\u3092\u6709\u3057\u307e\u3059\uff08\u30d5\u30e9\u30f3\u30b9\u30c7\u30fc\u30bf\u4fdd\u8b77\u6cd5\u7b2c34\u6761\uff09\u3002\u3053\u306e\u6a29\u5229\u306f\u3001\u5f53\u793e\u306b\u3054\u9023\u7d61\u3044\u305f\u3060\u304f\u3053\u3068\u3067\u884c\u4f7f\u3067\u304d\u307e\u3059\u3002\u3053\u306e\u30b5\u30a4\u30c8\u3067\u53ce\u96c6\u3055\u308c\u305f\u500b\u4eba\u30c7\u30fc\u30bf\u306f\u3001\u6cd5\u5f8b\u3067\u7fa9\u52d9\u4ed8\u3051\u3089\u308c\u3066\u3044\u308b\u4fdd\u5b58\u671f\u9593\u306e\u6700\u5927\u671f\u9593\u4fdd\u6301\u3055\u308c\u307e\u3059\u3002.<\/p>\n\n<h2 class=\"wp-block-heading\">\u6cd5\u7684\u901a\u77e5<\/h2>\n\n<p>\u30c7\u30b8\u30bf\u30eb\u7d4c\u6e08\u306b\u304a\u3051\u308b\u4fe1\u983c\u306b\u95a2\u3059\u308b\u6cd5\u5f8b\uff08LCEN\uff09\u3068\u3057\u3066\u77e5\u3089\u308c\u308b\u30012004\u5e746\u670821\u65e5\u5236\u5b9a\u306e\u6cd5\u5f8b\u7b2c2004-575\u53f7\u306e\u7b2c6\u6761\u7b2c3\u9805\u304a\u3088\u3073\u7b2c19\u6761\u306e\u898f\u5b9a\u306b\u5f93\u3044\u3001frenchparadox.paris\u30a6\u30a7\u30d6\u30b5\u30a4\u30c8\u306e\u30e6\u30fc\u30b6\u30fc\u304a\u3088\u3073\u8a2a\u554f\u8005\u306b\u5bfe\u3057\u3001\u4ee5\u4e0b\u306e\u60c5\u5831\u3092\u304a\u77e5\u3089\u305b\u3057\u307e\u3059\u3002<\/p>\n<p>\u6cd5\u7684\u60c5\u5831\uff1a<\/p>\n<p>\u6240\u6709\u8005\u5f62\u614b\uff1a\u7c21\u6613\u682a\u5f0f\u4f1a\u793e<br \/>\u540d\u524d\uff1a\u30d5\u30ec\u30f3\u30c1\u30d1\u30e9\u30c9\u30c3\u30af\u30b9\uff08\u30a2\u30d2\u30eb\u3068\u30b7\u30e3\u30f3\u30d1\u30f3\uff09<br \/>\u767b\u8a18\u4e0a\u306e\u4f4f\u6240\uff1a57 Passage des Panoramas, 75002 Paris<\/p>\n<p>\u30a6\u30a7\u30d6\u30b5\u30a4\u30c8\u306e\u30db\u30b9\u30c6\u30a3\u30f3\u30b0\u306fHostinger\u304c\u884c\u3063\u3066\u3044\u307e\u3059\u3002<\/p>\n\n<p>\u00a0<\/p>\t\t\t\t\t\t\t\t<\/div>\n\t\t\t\t<\/div>\n\t\t\t\t\t<\/div>\n\t\t\t\t<\/div>\n\t\t\t\t<\/div>","protected":false},"excerpt":{"rendered":"<p>\u00c9diteur de site French Paradox 57 Passage des Panoramas, 75002 Paris Nom du directeur de la publication M. David Rodriguez Cookies Ces cookies sont strictement n\u00e9cessaires au bon fonctionnement du Site Internet. Vous pouvez choisir de vous opposer au d\u00e9p\u00f4t de ces cookies en utilisant les param\u00e8tres de votre navigateur. Cookies statistiques Ces cookies mesurent notamment le nombre de visites, le nombre de pages consult\u00e9es ainsi que l\u2019activit\u00e9 des utilisateurs sur le Site Internet. Ils nous permettent de mesurer l\u2019audience du Site Internet pour \u00e9tablir des statistiques de fr\u00e9quentation et d\u2019\u00e9valuer les sources du trafic pour am\u00e9liorer les performances du Site Internet. Vous pouvez choisir de refuser ces cookies statistiques. &#8230;<\/p>","protected":false},"author":1,"featured_media":0,"parent":0,"menu_order":13,"comment_status":"closed","ping_status":"closed","template":"template-wide-content.php","meta":{"inline_featured_image":false,"patiotime_single_page_hide_site_header":"","patiotime_single_page_site_header_source":"","patiotime_single_page_custom_site_header":"","patiotime_single_page_custom_sticky_site_header":"","patiotime_single_page_custom_page_title_margin_top_source":"","patiotime_single_page_custom_page_title_desktop_margin_top":"","patiotime_single_page_custom_page_title_tablet_margin_top":"","patiotime_single_page_custom_page_title_mobile_margin_top":"","patiotime_single_page_hide_page_title":"","patiotime_single_page_header_section_size":"","patiotime_single_page_header_background_color":"","patiotime_single_page_header_background_position_x":"center","patiotime_single_page_header_background_position_y":"center","patiotime_single_page_header_background_size":"cover","patiotime_single_page_header_background_repeat":"off","patiotime_single_page_header_background_scroll":"on","patiotime_single_page_header_text_color":"","patiotime_single_page_header_show_breadcrumb":"","patiotime_single_page_site_footer_hide_main":"","patiotime_single_custom_site_footer_main_source":"","patiotime_single_custom_site_footer_main":"","patiotime_single_page_site_footer_hide_above":"","patiotime_single_custom_site_footer_above_source":"","patiotime_single_custom_site_footer_above":"","patiotime_single_page_site_footer_hide_instagram":"","patiotime_single_page_site_footer_hide_bottom":"","patiotime_single_custom_mobile_menu_source":"","patiotime_single_custom_mobile_menu":"","patiotime_single_custom_mobile_menu_animation":"","patiotime_single_custom_mobile_menu_width":"","patiotime_single_custom_mobile_menu_custom_width":375,"footnotes":""},"class_list":["post-3","page","type-page","status-publish","hentry"],"yoast_head":"<!-- This site is optimized with the Yoast SEO plugin v27.4 - https:\/\/yoast.com\/product\/yoast-seo-wordpress\/ -->\n<title>Politique de confidentialit\u00e9 - Canard &amp; Champagne | Restaurant | Paris 2<\/title>\n<meta name=\"robots\" content=\"index, follow, max-snippet:-1, max-image-preview:large, max-video-preview:-1\" \/>\n<link rel=\"canonical\" href=\"https:\/\/www.frenchparadox.paris\/ja\/privacy-policy\/\" \/>\n<meta property=\"og:locale\" content=\"ja_JP\" \/>\n<meta property=\"og:type\" content=\"article\" \/>\n<meta property=\"og:title\" content=\"Politique de confidentialit\u00e9 - Canard &amp; Champagne | Restaurant | Paris 2\" \/>\n<meta property=\"og:description\" content=\"\u00c9diteur de site French Paradox 57 Passage des Panoramas, 75002 Paris Nom du directeur de la publication M. David Rodriguez Cookies Ces cookies sont strictement n\u00e9cessaires au bon fonctionnement du Site Internet. Vous pouvez choisir de vous opposer au d\u00e9p\u00f4t de ces cookies en utilisant les param\u00e8tres de votre navigateur. Cookies statistiques Ces cookies mesurent notamment le nombre de visites, le nombre de pages consult\u00e9es ainsi que l\u2019activit\u00e9 des utilisateurs sur le Site Internet. Ils nous permettent de mesurer l\u2019audience du Site Internet pour \u00e9tablir des statistiques de fr\u00e9quentation et d\u2019\u00e9valuer les sources du trafic pour am\u00e9liorer les performances du Site Internet. Vous pouvez choisir de refuser ces cookies statistiques. ...\" \/>\n<meta property=\"og:url\" content=\"https:\/\/www.frenchparadox.paris\/ja\/privacy-policy\/\" \/>\n<meta property=\"og:site_name\" content=\"Canard &amp; Champagne | Restaurant | Paris 2\" \/>\n<meta property=\"article:modified_time\" content=\"2026-03-27T11:43:03+00:00\" \/>\n<meta name=\"twitter:card\" content=\"summary_large_image\" \/>\n<meta name=\"twitter:label1\" content=\"\u63a8\u5b9a\u8aad\u307f\u53d6\u308a\u6642\u9593\" \/>\n\t<meta name=\"twitter:data1\" content=\"3\u5206\" \/>\n<script type=\"application\/ld+json\" class=\"yoast-schema-graph\">{\"@context\":\"https:\\\/\\\/schema.org\",\"@graph\":[{\"@type\":\"WebPage\",\"@id\":\"https:\\\/\\\/www.frenchparadox.paris\\\/privacy-policy\\\/\",\"url\":\"https:\\\/\\\/www.frenchparadox.paris\\\/privacy-policy\\\/\",\"name\":\"Politique de confidentialit\u00e9 - Canard &amp; Champagne | Restaurant | Paris 2\",\"isPartOf\":{\"@id\":\"https:\\\/\\\/www.frenchparadox.paris\\\/#website\"},\"datePublished\":\"2025-05-28T14:57:06+00:00\",\"dateModified\":\"2026-03-27T11:43:03+00:00\",\"breadcrumb\":{\"@id\":\"https:\\\/\\\/www.frenchparadox.paris\\\/privacy-policy\\\/#breadcrumb\"},\"inLanguage\":\"ja\",\"potentialAction\":[{\"@type\":\"ReadAction\",\"target\":[\"https:\\\/\\\/www.frenchparadox.paris\\\/privacy-policy\\\/\"]}]},{\"@type\":\"BreadcrumbList\",\"@id\":\"https:\\\/\\\/www.frenchparadox.paris\\\/privacy-policy\\\/#breadcrumb\",\"itemListElement\":[{\"@type\":\"ListItem\",\"position\":1,\"name\":\"Accueil\",\"item\":\"https:\\\/\\\/www.frenchparadox.paris\\\/\"},{\"@type\":\"ListItem\",\"position\":2,\"name\":\"Politique de confidentialit\u00e9\"}]},{\"@type\":\"WebSite\",\"@id\":\"https:\\\/\\\/www.frenchparadox.paris\\\/#website\",\"url\":\"https:\\\/\\\/www.frenchparadox.paris\\\/\",\"name\":\"Canard &amp; Champagne | Restaurant | Paris 2\",\"description\":\"\",\"publisher\":{\"@id\":\"https:\\\/\\\/www.frenchparadox.paris\\\/#organization\"},\"potentialAction\":[{\"@type\":\"SearchAction\",\"target\":{\"@type\":\"EntryPoint\",\"urlTemplate\":\"https:\\\/\\\/www.frenchparadox.paris\\\/?s={search_term_string}\"},\"query-input\":{\"@type\":\"PropertyValueSpecification\",\"valueRequired\":true,\"valueName\":\"search_term_string\"}}],\"inLanguage\":\"ja\"},{\"@type\":\"Organization\",\"@id\":\"https:\\\/\\\/www.frenchparadox.paris\\\/#organization\",\"name\":\"Canard &amp; Champagne | Restaurant | Paris 2\",\"url\":\"https:\\\/\\\/www.frenchparadox.paris\\\/\",\"logo\":{\"@type\":\"ImageObject\",\"inLanguage\":\"ja\",\"@id\":\"https:\\\/\\\/www.frenchparadox.paris\\\/#\\\/schema\\\/logo\\\/image\\\/\",\"url\":\"https:\\\/\\\/www.frenchparadox.paris\\\/wp-content\\\/uploads\\\/2022\\\/03\\\/CC_logo2021_Champagne_blanccasse.png\",\"contentUrl\":\"https:\\\/\\\/www.frenchparadox.paris\\\/wp-content\\\/uploads\\\/2022\\\/03\\\/CC_logo2021_Champagne_blanccasse.png\",\"width\":1500,\"height\":703,\"caption\":\"Canard &amp; Champagne | Restaurant | Paris 2\"},\"image\":{\"@id\":\"https:\\\/\\\/www.frenchparadox.paris\\\/#\\\/schema\\\/logo\\\/image\\\/\"}}]}<\/script>\n<!-- \/ Yoast SEO plugin. -->","yoast_head_json":{"title":"Politique de confidentialit\u00e9 - Canard &amp; Champagne | Restaurant | Paris 2","robots":{"index":"index","follow":"follow","max-snippet":"max-snippet:-1","max-image-preview":"max-image-preview:large","max-video-preview":"max-video-preview:-1"},"canonical":"https:\/\/www.frenchparadox.paris\/ja\/privacy-policy\/","og_locale":"ja_JP","og_type":"article","og_title":"Politique de confidentialit\u00e9 - Canard &amp; Champagne | Restaurant | Paris 2","og_description":"\u00c9diteur de site French Paradox 57 Passage des Panoramas, 75002 Paris Nom du directeur de la publication M. David Rodriguez Cookies Ces cookies sont strictement n\u00e9cessaires au bon fonctionnement du Site Internet. Vous pouvez choisir de vous opposer au d\u00e9p\u00f4t de ces cookies en utilisant les param\u00e8tres de votre navigateur. Cookies statistiques Ces cookies mesurent notamment le nombre de visites, le nombre de pages consult\u00e9es ainsi que l\u2019activit\u00e9 des utilisateurs sur le Site Internet. Ils nous permettent de mesurer l\u2019audience du Site Internet pour \u00e9tablir des statistiques de fr\u00e9quentation et d\u2019\u00e9valuer les sources du trafic pour am\u00e9liorer les performances du Site Internet. Vous pouvez choisir de refuser ces cookies statistiques. ...","og_url":"https:\/\/www.frenchparadox.paris\/ja\/privacy-policy\/","og_site_name":"Canard &amp; Champagne | Restaurant | Paris 2","article_modified_time":"2026-03-27T11:43:03+00:00","twitter_card":"summary_large_image","twitter_misc":{"\u63a8\u5b9a\u8aad\u307f\u53d6\u308a\u6642\u9593":"3\u5206"},"schema":{"@context":"https:\/\/schema.org","@graph":[{"@type":"WebPage","@id":"https:\/\/www.frenchparadox.paris\/privacy-policy\/","url":"https:\/\/www.frenchparadox.paris\/privacy-policy\/","name":"Politique de confidentialit\u00e9 - Canard &amp; Champagne | Restaurant | Paris 2","isPartOf":{"@id":"https:\/\/www.frenchparadox.paris\/#website"},"datePublished":"2025-05-28T14:57:06+00:00","dateModified":"2026-03-27T11:43:03+00:00","breadcrumb":{"@id":"https:\/\/www.frenchparadox.paris\/privacy-policy\/#breadcrumb"},"inLanguage":"ja","potentialAction":[{"@type":"ReadAction","target":["https:\/\/www.frenchparadox.paris\/privacy-policy\/"]}]},{"@type":"BreadcrumbList","@id":"https:\/\/www.frenchparadox.paris\/privacy-policy\/#breadcrumb","itemListElement":[{"@type":"ListItem","position":1,"name":"Accueil","item":"https:\/\/www.frenchparadox.paris\/"},{"@type":"ListItem","position":2,"name":"Politique de confidentialit\u00e9"}]},{"@type":"WebSite","@id":"https:\/\/www.frenchparadox.paris\/#website","url":"https:\/\/www.frenchparadox.paris\/","name":"\u9d28\u8089\u3068\u30b7\u30e3\u30f3\u30d1\u30f3 | \u30ec\u30b9\u30c8\u30e9\u30f3 | \u30d1\u30ea 2","description":"","publisher":{"@id":"https:\/\/www.frenchparadox.paris\/#organization"},"potentialAction":[{"@type":"SearchAction","target":{"@type":"EntryPoint","urlTemplate":"https:\/\/www.frenchparadox.paris\/?s={search_term_string}"},"query-input":{"@type":"PropertyValueSpecification","valueRequired":true,"valueName":"search_term_string"}}],"inLanguage":"ja"},{"@type":"Organization","@id":"https:\/\/www.frenchparadox.paris\/#organization","name":"\u9d28\u8089\u3068\u30b7\u30e3\u30f3\u30d1\u30f3 | \u30ec\u30b9\u30c8\u30e9\u30f3 | \u30d1\u30ea 2","url":"https:\/\/www.frenchparadox.paris\/","logo":{"@type":"ImageObject","inLanguage":"ja","@id":"https:\/\/www.frenchparadox.paris\/#\/schema\/logo\/image\/","url":"https:\/\/www.frenchparadox.paris\/wp-content\/uploads\/2022\/03\/CC_logo2021_Champagne_blanccasse.png","contentUrl":"https:\/\/www.frenchparadox.paris\/wp-content\/uploads\/2022\/03\/CC_logo2021_Champagne_blanccasse.png","width":1500,"height":703,"caption":"Canard &amp; Champagne | Restaurant | Paris 2"},"image":{"@id":"https:\/\/www.frenchparadox.paris\/#\/schema\/logo\/image\/"}}]}},"_links":{"self":[{"href":"https:\/\/www.frenchparadox.paris\/ja\/wp-json\/wp\/v2\/pages\/3","targetHints":{"allow":["GET"]}}],"collection":[{"href":"https:\/\/www.frenchparadox.paris\/ja\/wp-json\/wp\/v2\/pages"}],"about":[{"href":"https:\/\/www.frenchparadox.paris\/ja\/wp-json\/wp\/v2\/types\/page"}],"author":[{"embeddable":true,"href":"https:\/\/www.frenchparadox.paris\/ja\/wp-json\/wp\/v2\/users\/1"}],"replies":[{"embeddable":true,"href":"https:\/\/www.frenchparadox.paris\/ja\/wp-json\/wp\/v2\/comments?post=3"}],"version-history":[{"count":5,"href":"https:\/\/www.frenchparadox.paris\/ja\/wp-json\/wp\/v2\/pages\/3\/revisions"}],"predecessor-version":[{"id":7421,"href":"https:\/\/www.frenchparadox.paris\/ja\/wp-json\/wp\/v2\/pages\/3\/revisions\/7421"}],"wp:attachment":[{"href":"https:\/\/www.frenchparadox.paris\/ja\/wp-json\/wp\/v2\/media?parent=3"}],"curies":[{"name":"wp","href":"https:\/\/api.w.org\/{rel}","templated":true}]}}