{"id":3,"date":"2025-05-28T14:57:06","date_gmt":"2025-05-28T14:57:06","guid":{"rendered":"https:\/\/frenchparadox.paris\/?page_id=3"},"modified":"2026-03-27T11:43:03","modified_gmt":"2026-03-27T11:43:03","slug":"privacy-policy","status":"publish","type":"page","link":"https:\/\/www.frenchparadox.paris\/zh\/privacy-policy\/","title":{"rendered":"\u9690\u79c1\u653f\u7b56"},"content":{"rendered":"<div data-elementor-type=\"wp-page\" data-elementor-id=\"3\" class=\"elementor elementor-3\">\n\t\t\t\t<div class=\"elementor-element elementor-element-4531af43 e-flex e-con-boxed e-con e-parent\" data-id=\"4531af43\" data-element_type=\"container\" data-e-type=\"container\">\n\t\t\t\t\t<div class=\"e-con-inner\">\n\t\t\t\t<div class=\"elementor-element elementor-element-4f653a96 elementor-widget elementor-widget-text-editor\" data-id=\"4f653a96\" data-element_type=\"widget\" data-e-type=\"widget\" data-widget_type=\"text-editor.default\">\n\t\t\t\t<div class=\"elementor-widget-container\">\n\t\t\t\t\t\t\t\t\t\n<h2 class=\"wp-block-heading\">\u7f51\u7ad9\u7f16\u8f91<\/h2>\n\n<p><b>\u6cd5\u56fd\u6096\u8bba<\/b><\/p>\n<p>57 \u5168\u666f\u901a\u9053, 75002 \u5df4\u9ece<\/p>\n\n<h2 class=\"wp-block-heading\">\u51fa\u7248\u603b\u76d1\u59d3\u540d<\/h2>\n\n<p><b>\u5927\u536b\u00b7\u7f57\u5fb7\u91cc\u683c\u65af\u5148\u751f<\/b><\/p>\n\n<h2 class=\"wp-block-heading\">\u66f2\u5947\u997c<\/h2>\n\n<p>\u8fd9\u4e9b Cookie \u5bf9\u4e8e\u7f51\u7ad9\u7684\u6b63\u5e38\u8fd0\u884c\u81f3\u5173\u91cd\u8981\u3002\u60a8\u53ef\u4ee5\u901a\u8fc7\u6d4f\u89c8\u5668\u8bbe\u7f6e\u9009\u62e9\u62d2\u7edd\u4f7f\u7528\u8fd9\u4e9b Cookie\u3002.<\/p>\n\n<h2 class=\"wp-block-heading\">\u7edf\u8ba1\u578b Cookie<\/h2>\n\n<p>\u8fd9\u4e9b Cookie \u4e3b\u8981\u7528\u4e8e\u8861\u91cf\u7f51\u7ad9\u8bbf\u95ee\u91cf\u3001\u9875\u9762\u6d4f\u89c8\u91cf\u548c\u7528\u6237\u6d3b\u52a8\u3002\u5b83\u4eec\u4f7f\u6211\u4eec\u80fd\u591f\u8861\u91cf\u7f51\u7ad9\u7684\u53d7\u4f17\u7fa4\u4f53\uff0c\u4ece\u800c\u6536\u96c6\u6d41\u91cf\u7edf\u8ba1\u6570\u636e\u5e76\u8bc4\u4f30\u6d41\u91cf\u6765\u6e90\uff0c\u4ee5\u6539\u8fdb\u7f51\u7ad9\u6027\u80fd\u3002\u60a8\u53ef\u4ee5\u9009\u62e9\u62d2\u7edd\u8fd9\u4e9b\u7edf\u8ba1 Cookie\u3002\u6211\u4eec\u5efa\u8bae\u60a8\u8bbf\u95ee Google \u63d0\u4f9b\u7684\u4e13\u7528\u9875\u9762\uff0c\u4e86\u89e3 Google Analytics \u7684 Cookie \u7ba1\u7406\uff1ahttps:\/\/support.google.com\/analytics\/answer\/6004245?hl=fr\u3002.<\/p>\n\n<h2 class=\"wp-block-heading\">Facebook Cookie<\/h2>\n\n<p>Cookie \u4f7f\u6211\u4eec\u80fd\u591f\u5411\u5df2\u8bbf\u95ee\u8fc7\u6211\u4eec\u7f51\u7ad9\u7684\u7528\u6237\u5c55\u793a\u5e7f\u544a\uff0c\u5e76\u6839\u636e\u4ed6\u4eec\u7684\u6d4f\u89c8\u6d3b\u52a8\u63a8\u8350\u6211\u4eec\u7684\u670d\u52a1\u3002Cookie \u8fd8\u5141\u8bb8\u6211\u4eec\u9650\u5236\u60a8\u770b\u5230\u5e7f\u544a\u7684\u6b21\u6570\uff0c\u907f\u514d\u540c\u4e00\u5e7f\u544a\u91cd\u590d\u5c55\u793a\u3002\u6211\u4eec\u4f7f\u7528 Cookie \u6765\u7edf\u8ba1\u5e7f\u544a\u7684\u5c55\u793a\u6b21\u6570\u5e76\u8ba1\u7b97\u5e7f\u544a\u8d39\u7528\u3002\u6b64\u5916\uff0c\u6211\u4eec\u8fd8\u4f7f\u7528 Cookie \u6765\u8861\u91cf\u7528\u6237\u6267\u884c\u7279\u5b9a\u64cd\u4f5c\uff08\u4f8b\u5982\u70b9\u51fb\u6216\u67e5\u770b\u5e7f\u544a\uff09\u7684\u9891\u7387\u3002.<\/p>\n\n<h2 class=\"wp-block-heading\">Cookie \u5b9a\u4e49<\/h2>\n\n<p>\u8fd9\u662f\u4e00\u4e2a\u5b58\u50a8\u5728\u7528\u6237\u8ba1\u7b97\u673a\u4e0a\u7684\u5c0f\u6587\u4ef6\uff0c\u7528\u4e8e\u4fdd\u5b58\u7528\u6237\u7684\u504f\u597d\u8bbe\u7f6e\u4ee5\u53ca\u4ed6\u4eec\u5728\u8bbf\u95ee\u7f51\u9875\u65f6\u4f7f\u7528\u7684\u5176\u4ed6\u4fe1\u606f\u3002.<\/p>\n\n<h2 class=\"wp-block-heading\">\u9690\u79c1 \u2013 \u4e2a\u4eba\u6570\u636e\u4fdd\u62a4<\/h2>\n\n<p>\u5bf9\u4e8e\u60a8\u53ef\u80fd\u5411\u6211\u4eec\u63d0\u4f9b\u7684\u4efb\u4f55\u4e2a\u4eba\u4fe1\u606f\uff0c\u60a8\u6709\u6743\u6839\u636e2004\u5e748\u67086\u65e5\u7b2c2004-801\u53f7\u6cd5\u56fd\u6cd5\u5f8b\uff08\u5173\u4e8e\u4e2a\u4eba\u6570\u636e\u5904\u7406\u4e2d\u4e2a\u4eba\u4fdd\u62a4\u7684\u6cd5\u5f8b\uff09\u8bbf\u95ee\u3001\u4fee\u6539\u3001\u66f4\u6b63\u548c\/\u6216\u5220\u9664\u8fd9\u4e9b\u4fe1\u606f\u3002\u5982\u9700\u884c\u4f7f\u6b64\u6743\u5229\uff0c\u8bf7\u53d1\u9001\u6d88\u606f\u81f3French Paradox\u3002\u6240\u6536\u96c6\u7684\u4fe1\u606f\u5c06\u4ee5\u7535\u5b50\u65b9\u5f0f\u5904\u7406\u3002\u6bcf\u4f4d\u4e92\u8054\u7f51\u7528\u6237\u5747\u6709\u6743\u8bbf\u95ee\u3001\u4fee\u6539\u3001\u66f4\u6b63\u548c\u5220\u9664\u5176\u4e2a\u4eba\u6570\u636e\uff08\u6cd5\u56fd\u6570\u636e\u4fdd\u62a4\u6cd5\u7b2c34\u6761\uff09\u3002\u60a8\u53ef\u4ee5\u901a\u8fc7\u8054\u7cfb\u672c\u7f51\u7ad9\u884c\u4f7f\u6b64\u6743\u5229\u3002\u672c\u7f51\u7ad9\u6536\u96c6\u7684\u4e2a\u4eba\u6570\u636e\u5c06\u4fdd\u7559\u81f3\u6cd5\u5f8b\u89c4\u5b9a\u7684\u6700\u957f\u4fdd\u7559\u671f\u9650\u3002.<\/p>\n\n<h2 class=\"wp-block-heading\">\u6cd5\u5f8b\u58f0\u660e<\/h2>\n\n<p>\u6839\u636e 2004 \u5e74 6 \u6708 21 \u65e5\u7b2c 2004-575 \u53f7\u300a\u6570\u5b57\u7ecf\u6d4e\u4fe1\u4efb\u6cd5\u300b\uff08\u7b80\u79f0 LCEN\uff09\u7b2c 6-III \u6761\u548c\u7b2c 19 \u6761\u7684\u89c4\u5b9a\uff0c\u6211\u4eec\u7279\u6b64\u544a\u77e5 frenchparadox.paris \u7f51\u7ad9\u7684\u7528\u6237\u548c\u8bbf\u95ee\u8005\u4ee5\u4e0b\u4fe1\u606f\uff1a<\/p>\n<p>\u6cd5\u5f8b\u4fe1\u606f\uff1a<\/p>\n<p>\u6240\u6709\u8005\u8eab\u4efd\uff1a\u7b80\u6613\u80a1\u4efd\u6709\u9650\u516c\u53f8<br \/>\u540d\u79f0\uff1a\u6cd5\u56fd\u6096\u8bba\uff08\u9e2d\u8089\u4e0e\u9999\u69df\uff09<br \/>\u6ce8\u518c\u529e\u516c\u5730\u5740\uff1a\u5df4\u9ece\u5e02\uff0c75002\uff0c\u5168\u666f\u901a\u905357\u53f7<\/p>\n<p>\u8be5\u7f51\u7ad9\u7531 Hostinger \u63d0\u4f9b\u6258\u7ba1\u670d\u52a1\u3002<\/p>\n\n<p>\u00a0<\/p>\t\t\t\t\t\t\t\t<\/div>\n\t\t\t\t<\/div>\n\t\t\t\t\t<\/div>\n\t\t\t\t<\/div>\n\t\t\t\t<\/div>","protected":false},"excerpt":{"rendered":"<p>\u00c9diteur de site French Paradox 57 Passage des Panoramas, 75002 Paris Nom du directeur de la publication M. David Rodriguez Cookies Ces cookies sont strictement n\u00e9cessaires au bon fonctionnement du Site Internet. Vous pouvez choisir de vous opposer au d\u00e9p\u00f4t de ces cookies en utilisant les param\u00e8tres de votre navigateur. Cookies statistiques Ces cookies mesurent &#8230;<\/p>","protected":false},"author":1,"featured_media":0,"parent":0,"menu_order":13,"comment_status":"closed","ping_status":"closed","template":"template-wide-content.php","meta":{"inline_featured_image":false,"patiotime_single_page_hide_site_header":"","patiotime_single_page_site_header_source":"","patiotime_single_page_custom_site_header":"","patiotime_single_page_custom_sticky_site_header":"","patiotime_single_page_custom_page_title_margin_top_source":"","patiotime_single_page_custom_page_title_desktop_margin_top":"","patiotime_single_page_custom_page_title_tablet_margin_top":"","patiotime_single_page_custom_page_title_mobile_margin_top":"","patiotime_single_page_hide_page_title":"","patiotime_single_page_header_section_size":"","patiotime_single_page_header_background_color":"","patiotime_single_page_header_background_position_x":"center","patiotime_single_page_header_background_position_y":"center","patiotime_single_page_header_background_size":"cover","patiotime_single_page_header_background_repeat":"off","patiotime_single_page_header_background_scroll":"on","patiotime_single_page_header_text_color":"","patiotime_single_page_header_show_breadcrumb":"","patiotime_single_page_site_footer_hide_main":"","patiotime_single_custom_site_footer_main_source":"","patiotime_single_custom_site_footer_main":"","patiotime_single_page_site_footer_hide_above":"","patiotime_single_custom_site_footer_above_source":"","patiotime_single_custom_site_footer_above":"","patiotime_single_page_site_footer_hide_instagram":"","patiotime_single_page_site_footer_hide_bottom":"","patiotime_single_custom_mobile_menu_source":"","patiotime_single_custom_mobile_menu":"","patiotime_single_custom_mobile_menu_animation":"","patiotime_single_custom_mobile_menu_width":"","patiotime_single_custom_mobile_menu_custom_width":375,"footnotes":""},"class_list":["post-3","page","type-page","status-publish","hentry"],"yoast_head":"<!-- This site is optimized with the Yoast SEO plugin v27.4 - https:\/\/yoast.com\/product\/yoast-seo-wordpress\/ -->\n<title>Politique de confidentialit\u00e9 - Canard &amp; Champagne | Restaurant | Paris 2<\/title>\n<meta name=\"robots\" content=\"index, follow, max-snippet:-1, max-image-preview:large, max-video-preview:-1\" \/>\n<link rel=\"canonical\" href=\"https:\/\/www.frenchparadox.paris\/zh\/privacy-policy\/\" \/>\n<meta property=\"og:locale\" content=\"zh_CN\" \/>\n<meta property=\"og:type\" content=\"article\" \/>\n<meta property=\"og:title\" content=\"Politique de confidentialit\u00e9 - Canard &amp; Champagne | Restaurant | Paris 2\" \/>\n<meta property=\"og:description\" content=\"\u00c9diteur de site French Paradox 57 Passage des Panoramas, 75002 Paris Nom du directeur de la publication M. David Rodriguez Cookies Ces cookies sont strictement n\u00e9cessaires au bon fonctionnement du Site Internet. Vous pouvez choisir de vous opposer au d\u00e9p\u00f4t de ces cookies en utilisant les param\u00e8tres de votre navigateur. Cookies statistiques Ces cookies mesurent ...\" \/>\n<meta property=\"og:url\" content=\"https:\/\/www.frenchparadox.paris\/zh\/privacy-policy\/\" \/>\n<meta property=\"og:site_name\" content=\"Canard &amp; Champagne | Restaurant | Paris 2\" \/>\n<meta property=\"article:modified_time\" content=\"2026-03-27T11:43:03+00:00\" \/>\n<meta name=\"twitter:card\" content=\"summary_large_image\" \/>\n<meta name=\"twitter:label1\" content=\"\u9884\u8ba1\u9605\u8bfb\u65f6\u95f4\" \/>\n\t<meta name=\"twitter:data1\" content=\"3 \u5206\" \/>\n<script type=\"application\/ld+json\" class=\"yoast-schema-graph\">{\"@context\":\"https:\\\/\\\/schema.org\",\"@graph\":[{\"@type\":\"WebPage\",\"@id\":\"https:\\\/\\\/www.frenchparadox.paris\\\/privacy-policy\\\/\",\"url\":\"https:\\\/\\\/www.frenchparadox.paris\\\/privacy-policy\\\/\",\"name\":\"Politique de confidentialit\u00e9 - Canard &amp; Champagne | Restaurant | Paris 2\",\"isPartOf\":{\"@id\":\"https:\\\/\\\/www.frenchparadox.paris\\\/#website\"},\"datePublished\":\"2025-05-28T14:57:06+00:00\",\"dateModified\":\"2026-03-27T11:43:03+00:00\",\"breadcrumb\":{\"@id\":\"https:\\\/\\\/www.frenchparadox.paris\\\/privacy-policy\\\/#breadcrumb\"},\"inLanguage\":\"zh-Hans\",\"potentialAction\":[{\"@type\":\"ReadAction\",\"target\":[\"https:\\\/\\\/www.frenchparadox.paris\\\/privacy-policy\\\/\"]}]},{\"@type\":\"BreadcrumbList\",\"@id\":\"https:\\\/\\\/www.frenchparadox.paris\\\/privacy-policy\\\/#breadcrumb\",\"itemListElement\":[{\"@type\":\"ListItem\",\"position\":1,\"name\":\"Accueil\",\"item\":\"https:\\\/\\\/www.frenchparadox.paris\\\/\"},{\"@type\":\"ListItem\",\"position\":2,\"name\":\"Politique de confidentialit\u00e9\"}]},{\"@type\":\"WebSite\",\"@id\":\"https:\\\/\\\/www.frenchparadox.paris\\\/#website\",\"url\":\"https:\\\/\\\/www.frenchparadox.paris\\\/\",\"name\":\"Canard &amp; Champagne | Restaurant | Paris 2\",\"description\":\"\",\"publisher\":{\"@id\":\"https:\\\/\\\/www.frenchparadox.paris\\\/#organization\"},\"potentialAction\":[{\"@type\":\"SearchAction\",\"target\":{\"@type\":\"EntryPoint\",\"urlTemplate\":\"https:\\\/\\\/www.frenchparadox.paris\\\/?s={search_term_string}\"},\"query-input\":{\"@type\":\"PropertyValueSpecification\",\"valueRequired\":true,\"valueName\":\"search_term_string\"}}],\"inLanguage\":\"zh-Hans\"},{\"@type\":\"Organization\",\"@id\":\"https:\\\/\\\/www.frenchparadox.paris\\\/#organization\",\"name\":\"Canard &amp; Champagne | Restaurant | Paris 2\",\"url\":\"https:\\\/\\\/www.frenchparadox.paris\\\/\",\"logo\":{\"@type\":\"ImageObject\",\"inLanguage\":\"zh-Hans\",\"@id\":\"https:\\\/\\\/www.frenchparadox.paris\\\/#\\\/schema\\\/logo\\\/image\\\/\",\"url\":\"https:\\\/\\\/www.frenchparadox.paris\\\/wp-content\\\/uploads\\\/2022\\\/03\\\/CC_logo2021_Champagne_blanccasse.png\",\"contentUrl\":\"https:\\\/\\\/www.frenchparadox.paris\\\/wp-content\\\/uploads\\\/2022\\\/03\\\/CC_logo2021_Champagne_blanccasse.png\",\"width\":1500,\"height\":703,\"caption\":\"Canard &amp; Champagne | Restaurant | Paris 2\"},\"image\":{\"@id\":\"https:\\\/\\\/www.frenchparadox.paris\\\/#\\\/schema\\\/logo\\\/image\\\/\"}}]}<\/script>\n<!-- \/ Yoast SEO plugin. -->","yoast_head_json":{"title":"Politique de confidentialit\u00e9 - Canard &amp; Champagne | Restaurant | Paris 2","robots":{"index":"index","follow":"follow","max-snippet":"max-snippet:-1","max-image-preview":"max-image-preview:large","max-video-preview":"max-video-preview:-1"},"canonical":"https:\/\/www.frenchparadox.paris\/zh\/privacy-policy\/","og_locale":"zh_CN","og_type":"article","og_title":"Politique de confidentialit\u00e9 - Canard &amp; Champagne | Restaurant | Paris 2","og_description":"\u00c9diteur de site French Paradox 57 Passage des Panoramas, 75002 Paris Nom du directeur de la publication M. David Rodriguez Cookies Ces cookies sont strictement n\u00e9cessaires au bon fonctionnement du Site Internet. Vous pouvez choisir de vous opposer au d\u00e9p\u00f4t de ces cookies en utilisant les param\u00e8tres de votre navigateur. Cookies statistiques Ces cookies mesurent ...","og_url":"https:\/\/www.frenchparadox.paris\/zh\/privacy-policy\/","og_site_name":"Canard &amp; Champagne | Restaurant | Paris 2","article_modified_time":"2026-03-27T11:43:03+00:00","twitter_card":"summary_large_image","twitter_misc":{"\u9884\u8ba1\u9605\u8bfb\u65f6\u95f4":"3 \u5206"},"schema":{"@context":"https:\/\/schema.org","@graph":[{"@type":"WebPage","@id":"https:\/\/www.frenchparadox.paris\/privacy-policy\/","url":"https:\/\/www.frenchparadox.paris\/privacy-policy\/","name":"Politique de confidentialit\u00e9 - Canard &amp; Champagne | Restaurant | Paris 2","isPartOf":{"@id":"https:\/\/www.frenchparadox.paris\/#website"},"datePublished":"2025-05-28T14:57:06+00:00","dateModified":"2026-03-27T11:43:03+00:00","breadcrumb":{"@id":"https:\/\/www.frenchparadox.paris\/privacy-policy\/#breadcrumb"},"inLanguage":"zh-Hans","potentialAction":[{"@type":"ReadAction","target":["https:\/\/www.frenchparadox.paris\/privacy-policy\/"]}]},{"@type":"BreadcrumbList","@id":"https:\/\/www.frenchparadox.paris\/privacy-policy\/#breadcrumb","itemListElement":[{"@type":"ListItem","position":1,"name":"Accueil","item":"https:\/\/www.frenchparadox.paris\/"},{"@type":"ListItem","position":2,"name":"Politique de confidentialit\u00e9"}]},{"@type":"WebSite","@id":"https:\/\/www.frenchparadox.paris\/#website","url":"https:\/\/www.frenchparadox.paris\/","name":"\u9e2d\u8089\u548c\u9999\u69df | \u9910\u5385 | \u5df4\u9ece 2","description":"","publisher":{"@id":"https:\/\/www.frenchparadox.paris\/#organization"},"potentialAction":[{"@type":"SearchAction","target":{"@type":"EntryPoint","urlTemplate":"https:\/\/www.frenchparadox.paris\/?s={search_term_string}"},"query-input":{"@type":"PropertyValueSpecification","valueRequired":true,"valueName":"search_term_string"}}],"inLanguage":"zh-Hans"},{"@type":"Organization","@id":"https:\/\/www.frenchparadox.paris\/#organization","name":"\u9e2d\u8089\u548c\u9999\u69df | \u9910\u5385 | \u5df4\u9ece 2","url":"https:\/\/www.frenchparadox.paris\/","logo":{"@type":"ImageObject","inLanguage":"zh-Hans","@id":"https:\/\/www.frenchparadox.paris\/#\/schema\/logo\/image\/","url":"https:\/\/www.frenchparadox.paris\/wp-content\/uploads\/2022\/03\/CC_logo2021_Champagne_blanccasse.png","contentUrl":"https:\/\/www.frenchparadox.paris\/wp-content\/uploads\/2022\/03\/CC_logo2021_Champagne_blanccasse.png","width":1500,"height":703,"caption":"Canard &amp; Champagne | Restaurant | Paris 2"},"image":{"@id":"https:\/\/www.frenchparadox.paris\/#\/schema\/logo\/image\/"}}]}},"_links":{"self":[{"href":"https:\/\/www.frenchparadox.paris\/zh\/wp-json\/wp\/v2\/pages\/3","targetHints":{"allow":["GET"]}}],"collection":[{"href":"https:\/\/www.frenchparadox.paris\/zh\/wp-json\/wp\/v2\/pages"}],"about":[{"href":"https:\/\/www.frenchparadox.paris\/zh\/wp-json\/wp\/v2\/types\/page"}],"author":[{"embeddable":true,"href":"https:\/\/www.frenchparadox.paris\/zh\/wp-json\/wp\/v2\/users\/1"}],"replies":[{"embeddable":true,"href":"https:\/\/www.frenchparadox.paris\/zh\/wp-json\/wp\/v2\/comments?post=3"}],"version-history":[{"count":5,"href":"https:\/\/www.frenchparadox.paris\/zh\/wp-json\/wp\/v2\/pages\/3\/revisions"}],"predecessor-version":[{"id":7421,"href":"https:\/\/www.frenchparadox.paris\/zh\/wp-json\/wp\/v2\/pages\/3\/revisions\/7421"}],"wp:attachment":[{"href":"https:\/\/www.frenchparadox.paris\/zh\/wp-json\/wp\/v2\/media?parent=3"}],"curies":[{"name":"\u53ef\u6e7f\u6027\u7c89\u5242","href":"https:\/\/api.w.org\/{rel}","templated":true}]}}